{"id":80,"date":"2023-09-26T18:27:19","date_gmt":"2023-09-26T17:27:19","guid":{"rendered":"https:\/\/alapitvany.leovey.hu\/?page_id=80"},"modified":"2026-04-09T14:12:44","modified_gmt":"2026-04-09T13:12:44","slug":"hirek","status":"publish","type":"page","link":"https:\/\/alapitvany.leovey.hu\/?page_id=80","title":{"rendered":"H\u00edrek"},"content":{"rendered":"\n<p class=\"has-text-align-center\">                                                                  <img loading=\"lazy\" decoding=\"async\" width=\"143\" height=\"119\" class=\"wp-image-585\" style=\"width: 143px;\" src=\"https:\/\/alapitvany.leovey.hu\/wp-content\/uploads\/2025\/03\/image-1.png\" alt=\"\"><\/p>\n\n\n\n<p>A Budapest F\u0151v\u00e1ros IX. ker\u00fclet Ferencv\u00e1ros \u00d6nkorm\u00e1nyzata \u00e1ltal ki\u00edrt 2022\/2023. tan\u00e9vi p\u00e1ly\u00e1zaton sikeresen szerepelt Alap\u00edtv\u00e1nyunk. 500.000.- Ft t\u00e1mogat\u00e1st kapott alap\u00edtv\u00e1nyunk az iskolai k\u00f3rus 2023. m\u00e1jus 27-31. k\u00f6z\u00f6tti Musi Colours Fesztiv\u00e1lon val\u00f3 r\u00e9szv\u00e9tel\u00e9re.<\/p>\n\n\n\n<p class=\"has-text-align-center\">                                                                                     ***<\/p>\n\n\n\n<p class=\"has-text-align-left\"><br>A F\u0151v\u00e1rosi T\u00f6rv\u00e9nysz\u00e9k a Le\u00f6vey Gimn\u00e1zium\u00e9rt Alap\u00edtv\u00e1ny v\u00e1ltoz\u00e1sbejegyz\u00e9si \u00fcgy\u00e9ben <br>meghozta v\u00e9gz\u00e9s\u00e9t. A b\u00edr\u00f3s\u00e1g elrendeli a 01-01-0002964. sorsz\u00e1m alatt nyilv\u00e1ntart\u00e1sba vett alap\u00edtv\u00e1ny nyilv\u00e1ntart\u00e1si adatainak m\u00f3dos\u00edt\u00e1s\u00e1t, illetve kieg\u00e9sz\u00edt\u00e9s\u00e9t az al\u00e1bbiakkal:<br>A kezel\u0151 szerv \u00f6sszet\u00e9tele megv\u00e1ltozott. A b\u00edr\u00f3s\u00e1g elrendeli Solt\u00e9sz Vikt\u00f3ria Anna kurat\u00f3riumi tags\u00e1g\u00e1nak t\u00f6rl\u00e9s\u00e9t. A kurat\u00f3rium \u00faj tagj\u00e1nak Gerse Anna Ilon\u00e1t jel\u00f6li ki 2023. okt\u00f3ber 2.napj\u00e1t\u00f3l.<\/p>\n\n\n\n<p class=\"has-text-align-center\">***<\/p>\n\n\n\n<p><\/p>\n\n\n\n<p>A Budapest F\u0151v\u00e1ros IX. ker\u00fclet Ferencv\u00e1ros \u00d6nkorm\u00e1nyzata \u00e1ltal ki\u00edrt 2023. \u00e9vi ,,Iskolai k\u00f6z\u00f6ss\u00e9gek, D\u00d6K tev\u00e9kenys\u00e9gek t\u00e1mogat\u00e1sa&#8221; p\u00e1ly\u00e1zaton sikeresen szerepelt Alap\u00edtv\u00e1nyunk. A beadott p\u00e1ly\u00e1zati anyag elb\u00edr\u00e1l\u00e1sakor 275.000.- Ft t\u00e1mogat\u00e1st kaptunk, mely \u00f6sszegb\u0151l di\u00e1kok, di\u00e1kcsoportok jutalmaz\u00e1s\u00e1ra, k\u00f6z\u00f6s programk\u00e9nt felhaszn\u00e1l\u00e1sra szabadt\u00e9ri szabadul\u00f3szoba j\u00e1t\u00e9klehet\u0151s\u00e9geket v\u00e1s\u00e1roltunk.<\/p>\n\n\n<div class=\"wp-block-image\">\n<figure class=\"aligncenter size-full is-resized\"><img loading=\"lazy\" decoding=\"async\" width=\"143\" height=\"119\" src=\"https:\/\/alapitvany.leovey.hu\/wp-content\/uploads\/2024\/04\/image.png\" alt=\"\" class=\"wp-image-445\" style=\"width:68px;height:auto\"\/><\/figure>\n<\/div>\n\n\n<p>A Budapest F\u0151v\u00e1ros IX. ker\u00fclet Ferencv\u00e1ros \u00d6nkorm\u00e1nyzata \u00e1ltal ki\u00edrt 2024. \u00e9vi<\/p>\n\n\n\n<p> \u201e Kultur\u00e1lis programok \u00e9s m\u0171v\u00e9szeti nevel\u00e9s ferencv\u00e1rosi k\u00f6znevel\u00e9si \u00e9s k\u00f6zoktat\u00e1si int\u00e9zm\u00e9nyekben&#8221; p\u00e1ly\u00e1zaton sikeresen szerepelt Alap\u00edtv\u00e1nyunk. A p\u00e1ly\u00e1zati anyagunk elb\u00edr\u00e1l\u00e1sakor 700.000.-Ft \u00f6sszeg\u0171 t\u00e1mogat\u00e1sban r\u00e9szes\u00fclt\u00fcnk.<\/p>\n\n\n<div class=\"wp-block-image\">\n<figure class=\"aligncenter size-full is-resized\"><img loading=\"lazy\" decoding=\"async\" width=\"143\" height=\"119\" src=\"https:\/\/alapitvany.leovey.hu\/wp-content\/uploads\/2025\/03\/image.png\" alt=\"\" class=\"wp-image-584\" style=\"aspect-ratio:1.2018485390578413;width:63px;height:auto\"\/><\/figure>\n<\/div>\n\n\n<p>Az elnyert 700.000.-Ft p\u00e1ly\u00e1zati \u00f6sszegb\u0151l az al\u00e1bbi beszerz\u00e9sek \u00e9s programok val\u00f3sultak meg:   5 db folyos\u00f3i pad(151.925 Ft sz\u00e1ll\u00edt\u00e1ssal, ebb\u0151l 140.000.-Ft elsz\u00e1molva), ki\u00e1ll\u00edt\u00e1si molin\u00f3k 86.233.- Ft (ebb\u0151l elsz\u00e1molva 60.000.-Ft), 500.000.- Ft m\u00fazeumi bel\u00e9p\u0151kre \u00e9s t\u00e1rlatvezet\u00e9sre (2024.szept.8- \u00e1n  28.375.- Ft, 2024. okt.18-19-\u00e9n  70.950.-Ft, 2025.jan. 21-\u00e9n 4.500.-Ft, 2025. jan.28-\u00e1n  29.200.-Ft, 2025. febr.4-\u00e9n 24.900.-Ft, 2025.febr. 10-\u00e9n 129.166.-Ft,  febr. 18-\u00e1n 16.000.-Ft, febr.25-\u00e9n 13.000.-Ft, febr.28-\u00e1n 51.000.-Ft, m\u00e1rcius 1-j\u00e9n 22.500.- \u00e9s 50.500.-Ft, m\u00e1rc. 25-\u00e9n 18.700.-Ft megt\u00e9r\u00edtve , de elsz\u00e1molva csak 11.909.-Ft, m\u00e1rcius 26-\u00e1n 48.000.- Ft).<\/p>\n\n\n\n<p class=\"has-text-align-center\">                                                                        <img loading=\"lazy\" decoding=\"async\" width=\"143\" height=\"119\" class=\"wp-image-585\" style=\"width: 143px;\" src=\"https:\/\/alapitvany.leovey.hu\/wp-content\/uploads\/2025\/03\/image-1.png\" alt=\"\"><\/p>\n\n\n\n<p>A 2024. okt\u00f3ber 24-i \u00f6nkorm\u00e1nyzati d\u00f6nt\u00e9s \u00e9rtelm\u00e9ben a beny\u00fajtott p\u00e1ly\u00e1zati anyagunk sajnos  nem r\u00e9szes\u00fclt t\u00e1mogat\u00e1sban.<\/p>\n\n\n\n<p class=\"has-text-align-center\"><img loading=\"lazy\" decoding=\"async\" width=\"143\" height=\"119\" class=\"wp-image-585\" style=\"width: 143px;\" src=\"https:\/\/alapitvany.leovey.hu\/wp-content\/uploads\/2025\/03\/image-1.png\" alt=\"\"><\/p>\n\n\n\n<p>A Budapest F\u0151v\u00e1ros IX. ker\u00fclet Ferencv\u00e1ros \u00d6nkorm\u00e1nyzata \u00e1ltal ki\u00edrt 2025. \u00e9vi p\u00e1ly\u00e1zaton sikeresen szerepelt Alap\u00edtv\u00e1nyunk. A p\u00e1ly\u00e1zati anyagunk elb\u00edr\u00e1l\u00e1sakor 200.000.-Ft \u00f6sszeg\u0171 t\u00e1mogat\u00e1sban r\u00e9szes\u00fclt\u00fcnk, melyet k\u00f6nyvt\u00e1ri k\u00f6nyvek beszerz\u00e9s\u00e9re \u00e9s iskolai jubileumi ki\u00e1ll\u00edt\u00e1s k\u00e9sz\u00edt\u00e9s\u00e9re tudtuk felhaszn\u00e1lni.<\/p>\n\n\n\n<p class=\"has-text-align-center\">                                                                      <img loading=\"lazy\" decoding=\"async\" width=\"143\" height=\"119\" class=\"wp-image-585\" style=\"width: 143px;\" src=\"https:\/\/alapitvany.leovey.hu\/wp-content\/uploads\/2025\/03\/image-1.png\" alt=\"\"><\/p>\n\n\n\n<p>2025. decemberi \u00f6nkorm\u00e1nyzati \u201eIskolai k\u00f6z\u00f6ss\u00e9gek t\u00e1mogat\u00e1sa\u201d c. &nbsp;p\u00e1ly\u00e1zaton sikeresen szerepelt\u00fcnk. 382.164.- Ft \u00e9rt\u00e9kben t\u00e1rsasj\u00e1t\u00e9kokat, kamer\u00e1t, mikrofonokat, \u00e1llv\u00e1nyt, SD k\u00e1rty\u00e1t szerezhett\u00fcnk be.<\/p>\n\n\n\n<p><\/p>\n\n\n\n<p><\/p>\n","protected":false},"excerpt":{"rendered":"<p>A Budapest F\u0151v\u00e1ros IX. ker\u00fclet Ferencv\u00e1ros \u00d6nkorm\u00e1nyzata \u00e1ltal ki\u00edrt 2022\/2023. tan\u00e9vi p\u00e1ly\u00e1zaton sikeresen szerepelt Alap\u00edtv\u00e1nyunk. 500.000.- Ft t\u00e1mogat\u00e1st kapott alap\u00edtv\u00e1nyunk az iskolai k\u00f3rus 2023. m\u00e1jus 27-31. k\u00f6z\u00f6tti Musi Colours Fesztiv\u00e1lon val\u00f3 r\u00e9szv\u00e9tel\u00e9re. *** A F\u0151v\u00e1rosi T\u00f6rv\u00e9nysz\u00e9k a Le\u00f6vey Gimn\u00e1zium\u00e9rt Alap\u00edtv\u00e1ny &hellip; <a href=\"https:\/\/alapitvany.leovey.hu\/?page_id=80\">Egy kattint\u00e1s ide a folytat\u00e1shoz&#8230;. <span class=\"meta-nav\">&rarr;<\/span><\/a><\/p>\n","protected":false},"author":3,"featured_media":0,"parent":0,"menu_order":0,"comment_status":"closed","ping_status":"closed","template":"","meta":{"footnotes":""},"class_list":["post-80","page","type-page","status-publish","hentry"],"_links":{"self":[{"href":"https:\/\/alapitvany.leovey.hu\/index.php?rest_route=\/wp\/v2\/pages\/80","targetHints":{"allow":["GET"]}}],"collection":[{"href":"https:\/\/alapitvany.leovey.hu\/index.php?rest_route=\/wp\/v2\/pages"}],"about":[{"href":"https:\/\/alapitvany.leovey.hu\/index.php?rest_route=\/wp\/v2\/types\/page"}],"author":[{"embeddable":true,"href":"https:\/\/alapitvany.leovey.hu\/index.php?rest_route=\/wp\/v2\/users\/3"}],"replies":[{"embeddable":true,"href":"https:\/\/alapitvany.leovey.hu\/index.php?rest_route=%2Fwp%2Fv2%2Fcomments&post=80"}],"version-history":[{"count":17,"href":"https:\/\/alapitvany.leovey.hu\/index.php?rest_route=\/wp\/v2\/pages\/80\/revisions"}],"predecessor-version":[{"id":671,"href":"https:\/\/alapitvany.leovey.hu\/index.php?rest_route=\/wp\/v2\/pages\/80\/revisions\/671"}],"wp:attachment":[{"href":"https:\/\/alapitvany.leovey.hu\/index.php?rest_route=%2Fwp%2Fv2%2Fmedia&parent=80"}],"curies":[{"name":"wp","href":"https:\/\/api.w.org\/{rel}","templated":true}]}}