{"id":521,"date":"2024-08-06T21:22:13","date_gmt":"2024-08-06T20:22:13","guid":{"rendered":"https:\/\/alapitvany.leovey.hu\/?page_id=521"},"modified":"2026-01-31T21:19:12","modified_gmt":"2026-01-31T20:19:12","slug":"dijak","status":"publish","type":"page","link":"https:\/\/alapitvany.leovey.hu\/?page_id=521","title":{"rendered":"D\u00edjak"},"content":{"rendered":"\n<figure class=\"wp-block-image size-full\"><img loading=\"lazy\" decoding=\"async\" width=\"1210\" height=\"573\" src=\"https:\/\/alapitvany.leovey.hu\/wp-content\/uploads\/2024\/08\/DIJ.png\" alt=\"\" class=\"wp-image-526\"\/><\/figure>\n\n\n\n<p>A kiemelked\u0151 tanul\u00f3k sz\u00e1m\u00e1ra alap\u00edtv\u00e1nyunk t\u00f6bb d\u00edjat is alap\u00edtott, melyeket a tantest\u00fclet javaslat\u00e1ra \u00edt\u00e9l\u00fcnk oda.<\/p>\n\n\n\n<p><strong><u>\u00c9vfolyam d\u00edj<\/u><\/strong>&nbsp;<\/p>\n\n\n\n<p>\u00c9vfolyamonk\u00e9nt (9-12. oszt\u00e1ly) kaphatja egy tanul\u00f3 a tan\u00e9v sor\u00e1n mutatott kimagasl\u00f3 tanulm\u00e1nyi munk\u00e1j\u00e1\u00e9rt. A jutalom egy d\u00edszdobozos eml\u00e9kplakett elismer\u0151 oklev\u00e9llel, melyet iskol\u00e1nk igazgat\u00f3n\u0151je ad \u00e1t a tan\u00e9vz\u00e1r\u00f3 \u00fcnnep\u00e9ly keret\u00e9ben. V\u00e9gz\u0151s di\u00e1k eset\u00e9ben a ballag\u00e1si \u00fcnneps\u00e9gen ker\u00fcl \u00e1tad\u00e1sra.<\/p>\n\n\n\n<p><strong><u>\u201e<\/u><\/strong><strong><u>Az \u00e9v tant\u00e1rgyi tanul\u00f3ja<\/u><\/strong><strong><u>\u201d<\/u><\/strong><strong><u>&nbsp;d\u00edj<\/u><\/strong><\/p>\n\n\n\n<p>Egy tanul\u00f3nak a munkak\u00f6z\u00f6ss\u00e9gek jel\u00f6l\u00e9se alapj\u00e1n \u00edt\u00e9lj\u00fck oda a 9-12. \u00e9vfolyamosok k\u00f6z\u00fcl.<\/p>\n\n\n\n<p>\u00cdgy ker\u00fcl pl. \u00e1tad\u00e1sra az \u201e\u00c9v magyarosa\u201d, az \u201e\u00c9v t\u00f6rt\u00e9n\u00e9sze\u201d, az \u201e\u00c9v matematikusa\u201dstb. c\u00edm.<\/p>\n\n\n\n<p>A jutalom egy grav\u00edrozott toll\/tollk\u00e9szlet elismer\u0151 oklev\u00e9llel, melyet iskol\u00e1nk igazgat\u00f3n\u0151je ad \u00e1t a tan\u00e9vz\u00e1r\u00f3 \u00fcnnep\u00e9ly keret\u00e9ben. V\u00e9gz\u0151s di\u00e1k eset\u00e9ben a ballag\u00e1si \u00fcnneps\u00e9gen ker\u00fcl \u00e1tad\u00e1sra.<\/p>\n\n\n\n<p><strong><mark style=\"background-color:#f1f1f1\" class=\"has-inline-color\">Alap\u00edtv\u00e1nyunk \u00e1ltal alap\u00edtott d\u00edjak a kiemelked\u0151 v\u00e9gz\u0151s tanul\u00f3k sz\u00e1m\u00e1ra:<\/mark><\/strong><\/p>\n\n\n\n<p><strong><u>Le\u00f6vey- d\u00edj<\/u><\/strong><\/p>\n\n\n\n<p>Ez iskol\u00e1nk legrangosabb d\u00edja. Egy tanul\u00f3 kapja a n\u00e9gy (esetleg \u00f6t) \u00e9ves kiemelked\u0151 tanulm\u00e1nyi munk\u00e1\u00e9rt \u00e9s versenyeredm\u00e9nyek\u00e9rt. A jutalmazott tanul\u00f3 v\u00e1laszthat a felk\u00edn\u00e1lt \u00e9rt\u00e9kes aj\u00e1nd\u00e9kt\u00e1rgyakb\u00f3l (pl. m\u00e1rk\u00e1s \u00f3ra). Az elismer\u0151 oklevelet iskol\u00e1nk igazgat\u00f3n\u0151je adja \u00e1t a ballag\u00e1si \u00fcnneps\u00e9gen. Az \u00e9rt\u00e9kes aj\u00e1nd\u00e9kt\u00e1rgyat a jutalmazott tanul\u00f3 a sz\u00f3beli \u00e9retts\u00e9gi vizsga v\u00e9g\u00e9n, az \u00fcnnep\u00e9lyes eredm\u00e9nyhirdet\u00e9s keret\u00e9ben veheti \u00e1t.<\/p>\n\n\n\n<p><strong><u>K\u00f6z\u00f6ss\u00e9gi d\u00edj<\/u><\/strong><\/p>\n\n\n\n<p>Egy v\u00e9gz\u0151s di\u00e1k kapja, aki t\u00f6bb \u00e9ves kiemelked\u0151 k\u00f6z\u00f6ss\u00e9gi munk\u00e1t mutat fel, akt\u00edvan seg\u00edtette az iskolai di\u00e1k\u00e9letet, a di\u00e1k\u00f6nkorm\u00e1nyzat munk\u00e1j\u00e1t. A jutalmazott tanul\u00f3 aj\u00e1nd\u00e9kt\u00e1rgyat \u00e9s elismer\u0151 oklevelet kap. Az oklevelet iskol\u00e1nk igazgat\u00f3n\u0151je adja \u00e1t a ballag\u00e1si \u00fcnneps\u00e9gen, az aj\u00e1nd\u00e9kt\u00e1rgyat pedig a sz\u00f3beli \u00e9retts\u00e9gi vizsga v\u00e9g\u00e9n, az \u00fcnnep\u00e9lyes eredm\u00e9nyhirdet\u00e9s keret\u00e9ben.<\/p>\n\n\n\n<p><strong><u>Andor Ilona- d\u00edj<\/u><\/strong><\/p>\n\n\n\n<p>Egy v\u00e9gz\u0151s di\u00e1k kapja elismer\u00e9s\u00fcl a t\u00f6bb\u00e9ves akt\u00edv, sikeres \u00e9nekkari munk\u00e1\u00e9rt. A jutalmazott tanul\u00f3 &nbsp;M\u00fcpa-utalv\u00e1nyt \u00e9s elismer\u0151 oklevelet kap. Az oklevelet iskol\u00e1nk igazgat\u00f3n\u0151je adja \u00e1t a ballag\u00e1si \u00fcnneps\u00e9gen, az utalv\u00e1nyt pedig a sz\u00f3beli \u00e9retts\u00e9gi vizsga v\u00e9g\u00e9n, az \u00fcnnep\u00e9lyes eredm\u00e9nyhirdet\u00e9s keret\u00e9ben.<\/p>\n\n\n\n<p><strong><u>Udvardi Erzs\u00e9bet \u2013 d\u00edj<\/u><\/strong><\/p>\n\n\n\n<p>2023\/2024. tan\u00e9vben ker\u00fclt el\u0151sz\u00f6r \u00e1tad\u00e1sra ezen d\u00edj, melynek alap\u00edt\u00e1s\u00e1t a 29\/2024. (IV.17.) sz\u00e1m\u00fa kurat\u00f3riumi hat\u00e1rozat r\u00f6gz\u00edti. Az Udvardi Erzs\u00e9bet-d\u00edjat iskol\u00e1nk egykori tanul\u00f3ja, a h\u00edres fest\u0151m\u0171v\u00e9sz eml\u00e9k\u00e9re hoztuk l\u00e9tre. Gimn\u00e1ziumunk legeredm\u00e9nyesebb, legtehets\u00e9gesebb v\u00e9gz\u0151s k\u00e9pz\u0151m\u0171v\u00e9sz di\u00e1kja kapja, \u00e1tad\u00e1s\u00e1ra pedig az iskolai ballag\u00e1s keret\u00e9ben ker\u00fcl sor.<\/p>\n","protected":false},"excerpt":{"rendered":"<p>A kiemelked\u0151 tanul\u00f3k sz\u00e1m\u00e1ra alap\u00edtv\u00e1nyunk t\u00f6bb d\u00edjat is alap\u00edtott, melyeket a tantest\u00fclet javaslat\u00e1ra \u00edt\u00e9l\u00fcnk oda. \u00c9vfolyam d\u00edj&nbsp; \u00c9vfolyamonk\u00e9nt (9-12. oszt\u00e1ly) kaphatja egy tanul\u00f3 a tan\u00e9v sor\u00e1n mutatott kimagasl\u00f3 tanulm\u00e1nyi munk\u00e1j\u00e1\u00e9rt. A jutalom egy d\u00edszdobozos eml\u00e9kplakett elismer\u0151 oklev\u00e9llel, melyet iskol\u00e1nk igazgat\u00f3n\u0151je &hellip; <a href=\"https:\/\/alapitvany.leovey.hu\/?page_id=521\">Egy kattint\u00e1s ide a folytat\u00e1shoz&#8230;. <span class=\"meta-nav\">&rarr;<\/span><\/a><\/p>\n","protected":false},"author":3,"featured_media":0,"parent":0,"menu_order":0,"comment_status":"closed","ping_status":"closed","template":"","meta":{"footnotes":""},"class_list":["post-521","page","type-page","status-publish","hentry"],"_links":{"self":[{"href":"https:\/\/alapitvany.leovey.hu\/index.php?rest_route=\/wp\/v2\/pages\/521","targetHints":{"allow":["GET"]}}],"collection":[{"href":"https:\/\/alapitvany.leovey.hu\/index.php?rest_route=\/wp\/v2\/pages"}],"about":[{"href":"https:\/\/alapitvany.leovey.hu\/index.php?rest_route=\/wp\/v2\/types\/page"}],"author":[{"embeddable":true,"href":"https:\/\/alapitvany.leovey.hu\/index.php?rest_route=\/wp\/v2\/users\/3"}],"replies":[{"embeddable":true,"href":"https:\/\/alapitvany.leovey.hu\/index.php?rest_route=%2Fwp%2Fv2%2Fcomments&post=521"}],"version-history":[{"count":7,"href":"https:\/\/alapitvany.leovey.hu\/index.php?rest_route=\/wp\/v2\/pages\/521\/revisions"}],"predecessor-version":[{"id":674,"href":"https:\/\/alapitvany.leovey.hu\/index.php?rest_route=\/wp\/v2\/pages\/521\/revisions\/674"}],"wp:attachment":[{"href":"https:\/\/alapitvany.leovey.hu\/index.php?rest_route=%2Fwp%2Fv2%2Fmedia&parent=521"}],"curies":[{"name":"wp","href":"https:\/\/api.w.org\/{rel}","templated":true}]}}