{"id":35,"date":"2023-03-28T11:42:40","date_gmt":"2023-03-28T10:42:40","guid":{"rendered":"https:\/\/alapitvany.leovey.hu\/?page_id=35"},"modified":"2026-04-28T22:21:31","modified_gmt":"2026-04-28T21:21:31","slug":"hatarozatok-es-jegyzokonyvek","status":"publish","type":"page","link":"https:\/\/alapitvany.leovey.hu\/?page_id=35","title":{"rendered":""},"content":{"rendered":"\n<p><strong>HAT\u00c1ROZATOK<\/strong><\/p>\n\n\n\n<div class=\"wp-block-file\"><a id=\"wp-block-file--media-8bcbd80c-260c-4e55-9ae0-837c5a1b7e74\" href=\"https:\/\/alapitvany.leovey.hu\/wp-content\/uploads\/2026\/04\/KURATORIUMI-HATAROZATOK-2022.-nov.7-tol-2026.-marcius-.docx\">KURATORIUMI-HATAROZATOK-2022.-nov.7-tol-2026.-m\u00e1rcius-<\/a><a href=\"https:\/\/alapitvany.leovey.hu\/wp-content\/uploads\/2026\/04\/KURATORIUMI-HATAROZATOK-2022.-nov.7-tol-2026.-marcius-.docx\" class=\"wp-block-file__button wp-element-button\" download aria-describedby=\"wp-block-file--media-8bcbd80c-260c-4e55-9ae0-837c5a1b7e74\">Let\u00f6lt\u00e9s<\/a><\/div>\n\n\n\n<p><\/p>\n\n\n\n<p><strong>JEGYZ\u0150K\u00d6NYVEK<\/strong><\/p>\n\n\n\n<div class=\"wp-block-file\"><a id=\"wp-block-file--media-3c2cb4f9-ed23-4a6f-ae46-8015b3730a7a\" href=\"https:\/\/alapitvany.leovey.hu\/wp-content\/uploads\/2023\/09\/Jegyzokonyv-kuratoriumi-ulesrol.-1jo.docx\">Jegyzokonyv-kuratoriumi-ulesrol.-1jo<\/a><a href=\"https:\/\/alapitvany.leovey.hu\/wp-content\/uploads\/2023\/09\/Jegyzokonyv-kuratoriumi-ulesrol.-1jo.docx\" class=\"wp-block-file__button wp-element-button\" download aria-describedby=\"wp-block-file--media-3c2cb4f9-ed23-4a6f-ae46-8015b3730a7a\">Let\u00f6lt\u00e9s<br><\/a><\/div>\n\n\n\n<div class=\"wp-block-file\"><a id=\"wp-block-file--media-27e2e1f1-0e9c-4dc8-9949-42cfb7f0d954\" href=\"https:\/\/alapitvany.leovey.hu\/wp-content\/uploads\/2023\/10\/Jegyzokony2023.oktober-9.-.docx\">Jegyzokony2023.oktober-9.-<\/a><a href=\"https:\/\/alapitvany.leovey.hu\/wp-content\/uploads\/2023\/10\/Jegyzokony2023.oktober-9.-.docx\" class=\"wp-block-file__button wp-element-button\" download aria-describedby=\"wp-block-file--media-27e2e1f1-0e9c-4dc8-9949-42cfb7f0d954\">Let\u00f6lt\u00e9s<\/a><\/div>\n\n\n\n<div class=\"wp-block-file\"><a id=\"wp-block-file--media-d9ec28e3-c9cc-42a7-a8f8-d1bdd62ab864\" href=\"https:\/\/alapitvany.leovey.hu\/wp-content\/uploads\/2025\/01\/Jegyzokony-2024.-dec.-16-1-2.docx\">Jegyzokony-2024.-dec.-16-1 (2)<\/a><a href=\"https:\/\/alapitvany.leovey.hu\/wp-content\/uploads\/2025\/01\/Jegyzokony-2024.-dec.-16-1-2.docx\" class=\"wp-block-file__button wp-element-button\" download aria-describedby=\"wp-block-file--media-d9ec28e3-c9cc-42a7-a8f8-d1bdd62ab864\">Let\u00f6lt\u00e9s<\/a><\/div>\n\n\n\n<div class=\"wp-block-file\"><a id=\"wp-block-file--media-631c6c0e-3f08-4d54-a24f-3cf91d5c7b1b\" href=\"https:\/\/alapitvany.leovey.hu\/wp-content\/uploads\/2026\/04\/Jegyzokony-2025.-dec.-18-4.docx\">Jegyzokony-2025.-dec.-18 (4)<\/a><a href=\"https:\/\/alapitvany.leovey.hu\/wp-content\/uploads\/2026\/04\/Jegyzokony-2025.-dec.-18-4.docx\" class=\"wp-block-file__button wp-element-button\" download aria-describedby=\"wp-block-file--media-631c6c0e-3f08-4d54-a24f-3cf91d5c7b1b\">Let\u00f6lt\u00e9s<\/a><\/div>\n\n\n\n<p><strong>NYILV\u00c1NTART\u00c1S<\/strong><\/p>\n\n\n\n<div class=\"wp-block-file\"><a id=\"wp-block-file--media-fbe8d1b4-62bb-48a4-893e-c48354eff8ee\" href=\"https:\/\/alapitvany.leovey.hu\/wp-content\/uploads\/2026\/04\/2019-2020-2021-A-LeoveAlapitvany-altal-vasarolt-tartos-eszkozok-2021-2020-2019-3-11.docx\">2019-2020-2021 A-Leovey Gimnaziumert Alapitvany-altal-vasarolt-tartos-eszkozok-2021-2020-2019-3 (11)<\/a><a href=\"https:\/\/alapitvany.leovey.hu\/wp-content\/uploads\/2026\/04\/2019-2020-2021-A-LeoveAlapitvany-altal-vasarolt-tartos-eszkozok-2021-2020-2019-3-11.docx\" class=\"wp-block-file__button wp-element-button\" download aria-describedby=\"wp-block-file--media-fbe8d1b4-62bb-48a4-893e-c48354eff8ee\">Let\u00f6lt\u00e9s<\/a><\/div>\n\n\n\n<div class=\"wp-block-file\"><a id=\"wp-block-file--media-0e37da76-aaef-4888-8aaa-d7b647df8903\" href=\"https:\/\/alapitvany.leovey.hu\/wp-content\/uploads\/2023\/09\/A-Leovey-Gimnaziumert-Alapitvany-altal-vasarolt-tartos-eszkozok-2022.docx\">A-Leovey-Gimnaziumert-Alapitvany-altal-vasarolt-tartos-eszkozok-2022<\/a><a href=\"https:\/\/alapitvany.leovey.hu\/wp-content\/uploads\/2023\/09\/A-Leovey-Gimnaziumert-Alapitvany-altal-vasarolt-tartos-eszkozok-2022.docx\" class=\"wp-block-file__button wp-element-button\" download aria-describedby=\"wp-block-file--media-0e37da76-aaef-4888-8aaa-d7b647df8903\">Let\u00f6lt\u00e9s<\/a><\/div>\n\n\n\n<div class=\"wp-block-file\"><a id=\"wp-block-file--media-d0c029c3-fef7-4fe6-b8b0-108788a8cedb\" href=\"https:\/\/alapitvany.leovey.hu\/wp-content\/uploads\/2023\/12\/A-Leovey-Gimnaziumert-Alapitvany-altal-vasarolt-tartos-eszkozok-2023.docx\">A-Leovey-Gimnaziumert-Alapitvany-altal-vasarolt-tartos-eszkozok-2023<\/a><a href=\"https:\/\/alapitvany.leovey.hu\/wp-content\/uploads\/2023\/12\/A-Leovey-Gimnaziumert-Alapitvany-altal-vasarolt-tartos-eszkozok-2023.docx\" class=\"wp-block-file__button wp-element-button\" download aria-describedby=\"wp-block-file--media-d0c029c3-fef7-4fe6-b8b0-108788a8cedb\">Let\u00f6lt\u00e9s<\/a><\/div>\n\n\n\n<div class=\"wp-block-file\"><a id=\"wp-block-file--media-4be98599-6550-417e-a01f-b2f0fcfa11eb\" href=\"https:\/\/alapitvany.leovey.hu\/wp-content\/uploads\/2025\/03\/A-Leovey-Gimnaziumert-Alapitvany-altal-vasarolt-tartos-eszkozok-2024-11.docx\">-A-Leovey-Gimnaziumert-Alapitvany-altal-vasarolt-tartos-eszkozok-2024- (11)<\/a><a href=\"https:\/\/alapitvany.leovey.hu\/wp-content\/uploads\/2025\/03\/A-Leovey-Gimnaziumert-Alapitvany-altal-vasarolt-tartos-eszkozok-2024-11.docx\" class=\"wp-block-file__button wp-element-button\" download aria-describedby=\"wp-block-file--media-4be98599-6550-417e-a01f-b2f0fcfa11eb\">Let\u00f6lt\u00e9s<\/a><\/div>\n\n\n\n<div class=\"wp-block-file\"><a id=\"wp-block-file--media-bcba4079-8a2e-4ab0-a615-4a0a2a705a67\" href=\"https:\/\/alapitvany.leovey.hu\/wp-content\/uploads\/2025\/12\/Alapitvany-altal-vasarolt-tartos-eszkozok-2025-1-2.docx\">Alapitvany-altal-vasarolt-tartos-eszkozok-2025-1 (2)<\/a><a href=\"https:\/\/alapitvany.leovey.hu\/wp-content\/uploads\/2025\/12\/Alapitvany-altal-vasarolt-tartos-eszkozok-2025-1-2.docx\" class=\"wp-block-file__button wp-element-button\" download aria-describedby=\"wp-block-file--media-bcba4079-8a2e-4ab0-a615-4a0a2a705a67\">Let\u00f6lt\u00e9s<\/a><\/div>\n\n\n\n<div class=\"wp-block-file\"><a id=\"wp-block-file--media-57a5f073-d97d-4779-aa34-bef2e4a603bb\" href=\"https:\/\/alapitvany.leovey.hu\/wp-content\/uploads\/2026\/04\/2026-A-Leovey-Gimnaziumert-Alapitvany-altal-vasarolt-tartos-eszkozok-.docx\">2026-A-Leovey-Gimnaziumert-Alapitvany-altal-vasarolt-tartos-eszkozok&#8212;<\/a><a href=\"https:\/\/alapitvany.leovey.hu\/wp-content\/uploads\/2026\/04\/2026-A-Leovey-Gimnaziumert-Alapitvany-altal-vasarolt-tartos-eszkozok-.docx\" class=\"wp-block-file__button wp-element-button\" download aria-describedby=\"wp-block-file--media-57a5f073-d97d-4779-aa34-bef2e4a603bb\">Let\u00f6lt\u00e9s<\/a><\/div>\n\n\n\n<p><\/p>\n","protected":false},"excerpt":{"rendered":"<p>HAT\u00c1ROZATOK JEGYZ\u0150K\u00d6NYVEK NYILV\u00c1NTART\u00c1S<\/p>\n","protected":false},"author":2,"featured_media":0,"parent":0,"menu_order":0,"comment_status":"closed","ping_status":"closed","template":"","meta":{"footnotes":""},"class_list":["post-35","page","type-page","status-publish","hentry"],"_links":{"self":[{"href":"https:\/\/alapitvany.leovey.hu\/index.php?rest_route=\/wp\/v2\/pages\/35","targetHints":{"allow":["GET"]}}],"collection":[{"href":"https:\/\/alapitvany.leovey.hu\/index.php?rest_route=\/wp\/v2\/pages"}],"about":[{"href":"https:\/\/alapitvany.leovey.hu\/index.php?rest_route=\/wp\/v2\/types\/page"}],"author":[{"embeddable":true,"href":"https:\/\/alapitvany.leovey.hu\/index.php?rest_route=\/wp\/v2\/users\/2"}],"replies":[{"embeddable":true,"href":"https:\/\/alapitvany.leovey.hu\/index.php?rest_route=%2Fwp%2Fv2%2Fcomments&post=35"}],"version-history":[{"count":82,"href":"https:\/\/alapitvany.leovey.hu\/index.php?rest_route=\/wp\/v2\/pages\/35\/revisions"}],"predecessor-version":[{"id":684,"href":"https:\/\/alapitvany.leovey.hu\/index.php?rest_route=\/wp\/v2\/pages\/35\/revisions\/684"}],"wp:attachment":[{"href":"https:\/\/alapitvany.leovey.hu\/index.php?rest_route=%2Fwp%2Fv2%2Fmedia&parent=35"}],"curies":[{"name":"wp","href":"https:\/\/api.w.org\/{rel}","templated":true}]}}