{"id":33,"date":"2023-03-28T11:42:03","date_gmt":"2023-03-28T10:42:03","guid":{"rendered":"https:\/\/alapitvany.leovey.hu\/?page_id=33"},"modified":"2024-11-28T00:43:08","modified_gmt":"2024-11-27T23:43:08","slug":"alapitvanyrol","status":"publish","type":"page","link":"https:\/\/alapitvany.leovey.hu\/?page_id=33","title":{"rendered":""},"content":{"rendered":"\n<p><strong><mark style=\"background-color:#f1f1f1\" class=\"has-inline-color\">Az alap\u00edtv\u00e1ny adatai:<\/mark><\/strong><br>&nbsp;&nbsp;&nbsp;<em>neve<\/em>:&nbsp;<strong>Le\u00f6vey Gimn\u00e1zium\u00e9rt Alap\u00edtv\u00e1ny<\/strong><\/p>\n\n\n\n<p><em>     b\u00edr\u00f3s\u00e1gi<\/em> <em>nyilv\u00e1ntart\u00e1sba v\u00e9teli sz\u00e1m:<\/em><strong> 01-01-0002964<\/strong><br>&nbsp;&nbsp;&nbsp;<em>ad\u00f3sz\u00e1ma<\/em>:&nbsp;<strong>18037724-1-43<\/strong><br>&nbsp;&nbsp;&nbsp;<em>sz\u00e1mlasz\u00e1ma<\/em>:&nbsp;<strong>11709002-20073792<\/strong><\/p>\n\n\n\n<p><strong><mark style=\"background-color:#f1f1f1\" class=\"has-inline-color has-black-color\">SZ\u00c1ML\u00c1Z\u00c1SI ADATOK:<\/mark><\/strong><\/p>\n\n\n\n<p>Le\u00f6vey Gimn\u00e1zium\u00e9rt Alap\u00edtv\u00e1ny<\/p>\n\n\n\n<p>1096 Budapest, Vendel u.1.<\/p>\n\n\n\n<p>ad\u00f3sz\u00e1m: 18037724-1-43<\/p>\n\n\n\n<p class=\"has-text-align-center\">***<\/p>\n\n\n\n<p>A Le\u00f6vey Gimn\u00e1zium\u00e9rt Alap\u00edtv\u00e1ny 1992-ben j\u00f6tt l\u00e9tre az iskol\u00e1nk egykori tanul\u00f3i \u00e9s tan\u00e1rai \u00e1ltal alap\u00edtott Ranolder &#8211; Le\u00f6vey Bar\u00e1ti K\u00f6r kezdem\u00e9nyez\u00e9s\u00e9re.<\/p>\n\n\n\n<p>2022 \u0151sz\u00e9t\u0151l \u00fajj\u00e1alakultunk, s egy h\u00e1romtag\u00fa kurat\u00f3rium \u00e1llt fel, melynek tagjai az alap\u00edtv\u00e1nyi munk\u00e1t mindennem\u0171 ellenszolg\u00e1ltat\u00e1s n\u00e9lk\u00fcl v\u00e9gzik.<\/p>\n\n\n\n<p>Alap\u00edtv\u00e1nyunk nem k\u00f6zhaszn\u00fa, 2014-ben elvesztette k\u00f6zhaszn\u00fas\u00e1g\u00e1t. Azon dolgozunk, hogy a jogszab\u00e1ly adta lehet\u0151s\u00e9gek szerint miel\u0151bb visszaszerezhesse a k\u00f6zhaszn\u00fa min\u0151s\u00edt\u00e9st.<\/p>\n\n\n\n<p>Az alap\u00edtv\u00e1ny nem v\u00e9gezhet gazdas\u00e1gi tev\u00e9kenys\u00e9get.<\/p>\n\n\n\n<p class=\"has-text-align-center\"> ***<\/p>\n\n\n\n<p><\/p>\n","protected":false},"excerpt":{"rendered":"<p>Az alap\u00edtv\u00e1ny adatai:&nbsp;&nbsp;&nbsp;neve:&nbsp;Le\u00f6vey Gimn\u00e1zium\u00e9rt Alap\u00edtv\u00e1ny b\u00edr\u00f3s\u00e1gi nyilv\u00e1ntart\u00e1sba v\u00e9teli sz\u00e1m: 01-01-0002964&nbsp;&nbsp;&nbsp;ad\u00f3sz\u00e1ma:&nbsp;18037724-1-43&nbsp;&nbsp;&nbsp;sz\u00e1mlasz\u00e1ma:&nbsp;11709002-20073792 SZ\u00c1ML\u00c1Z\u00c1SI ADATOK: Le\u00f6vey Gimn\u00e1zium\u00e9rt Alap\u00edtv\u00e1ny 1096 Budapest, Vendel u.1. ad\u00f3sz\u00e1m: 18037724-1-43 *** A Le\u00f6vey Gimn\u00e1zium\u00e9rt Alap\u00edtv\u00e1ny 1992-ben j\u00f6tt l\u00e9tre az iskol\u00e1nk egykori tanul\u00f3i \u00e9s tan\u00e1rai \u00e1ltal alap\u00edtott Ranolder &#8211; Le\u00f6vey &hellip; <a href=\"https:\/\/alapitvany.leovey.hu\/?page_id=33\">Egy kattint\u00e1s ide a folytat\u00e1shoz&#8230;. <span class=\"meta-nav\">&rarr;<\/span><\/a><\/p>\n","protected":false},"author":2,"featured_media":0,"parent":0,"menu_order":0,"comment_status":"closed","ping_status":"closed","template":"","meta":{"footnotes":""},"class_list":["post-33","page","type-page","status-publish","hentry"],"_links":{"self":[{"href":"https:\/\/alapitvany.leovey.hu\/index.php?rest_route=\/wp\/v2\/pages\/33","targetHints":{"allow":["GET"]}}],"collection":[{"href":"https:\/\/alapitvany.leovey.hu\/index.php?rest_route=\/wp\/v2\/pages"}],"about":[{"href":"https:\/\/alapitvany.leovey.hu\/index.php?rest_route=\/wp\/v2\/types\/page"}],"author":[{"embeddable":true,"href":"https:\/\/alapitvany.leovey.hu\/index.php?rest_route=\/wp\/v2\/users\/2"}],"replies":[{"embeddable":true,"href":"https:\/\/alapitvany.leovey.hu\/index.php?rest_route=%2Fwp%2Fv2%2Fcomments&post=33"}],"version-history":[{"count":29,"href":"https:\/\/alapitvany.leovey.hu\/index.php?rest_route=\/wp\/v2\/pages\/33\/revisions"}],"predecessor-version":[{"id":564,"href":"https:\/\/alapitvany.leovey.hu\/index.php?rest_route=\/wp\/v2\/pages\/33\/revisions\/564"}],"wp:attachment":[{"href":"https:\/\/alapitvany.leovey.hu\/index.php?rest_route=%2Fwp%2Fv2%2Fmedia&parent=33"}],"curies":[{"name":"wp","href":"https:\/\/api.w.org\/{rel}","templated":true}]}}